{"id":830,"date":"2016-02-15T12:50:03","date_gmt":"2016-02-15T11:50:03","guid":{"rendered":"http:\/\/www.agentur-baur.de\/wordpress\/ueber-uns-2-2\/"},"modified":"2016-02-15T13:20:54","modified_gmt":"2016-02-15T12:20:54","slug":"ueber-uns-2-2","status":"publish","type":"page","link":"https:\/\/www.agentur-baur.de\/wordpress\/ueber-uns-2\/ueber-uns-2-2\/","title":{"rendered":"Philosophie"},"content":{"rendered":"<h1>Agentur<\/h1>\n<p style=\"text-align: justify;\">Seit Mai 2013 arbeiten wir als unabh\u00e4ngiger Versicherungsmakler und Finanzierungsvermittler in Worms.\u00a0 Es besteht keine Abh\u00e4ngigkeit von Versicherungsgesellschaften oder Banken. Wir suchen f\u00fcr Sie\u00a0 passende, auf Ihren Bedarf zugeschnittene L\u00f6sungen.\u00a0 Ein sehr gutes Preis-Leistungsverh\u00e4ltnis und umfangreicher (Schaden-) Service sind die Grundlagen, doch Details entscheiden \u00fcber Pr\u00e4mien und Entsch\u00e4digungen.<\/p>\n<p style=\"text-align: justify;\">Agenturgr\u00fcndung erfolgte im Dezember 2009 als gebundener Versicherungsvermittler \u00fcber die N\u00fcrnberger Versicherungsgruppe. Seit 2011 wurden die T\u00e4tigkeit der Beratung in Versicherungsfragen um die Bereiche Vermittlung von Verbraucherdarlehen, Baufinanzierungen und Girokonten erweitert. Weiterhin beraten wir Firmengr\u00fcnder oder Umfirmierungen in betriebswirtschaftlichen und sozialversicherungsrechtlichen Fragen und bieten die dazugeh\u00f6rigen Services: Erstellung Businessplan, Rentabilit\u00e4tsrechnungen, Aufbereitung von Unterlagen f\u00fcr das Bankgespr\u00e4ch, Qualit\u00e4tsmanagement, etc.<\/p>\n<h1>Philosophie<\/h1>\n<p style=\"text-align: justify;\">Die Agentur Baur setzt auf eine langfristige Kundenbindung und hohe Kundenzufriedenheit.\u00a0 Wir besprechen gemeinsam mit unseren Kunden deren aktuelle Lebenssituation in ihrem privaten, famili\u00e4ren und beruflichen Umfeld.\u00a0 W\u00fcnsche und Ziele werden formuliert, und darauf aufbauend der Bedarf an individueller Absicherung abgeleitet, um dauerhafte finanzielle Sicherheit zu gew\u00e4hrleisten.<\/p>\n<p style=\"text-align: justify;\">Durch unsere Partner leisten wir \u00fcbergreifend Rat in rechtlichen und steuerlichen Belangen.\u00a0 Wir bieten weiterhin Services und Empfehlungen, wie sich unsre Kunden den Alltag erleichtern k\u00f6nnen. Wir streben den Aufbau eines umfassenden Netzwerkes an kompetenten und ehrlichen Unternehmern an, um Ihnen den gr\u00f6\u00dftm\u00f6glichen Nutzen und Vorteile zu bieten.<\/p>\n<h1><\/h1>\n","protected":false},"excerpt":{"rendered":"<p>Agentur Seit Mai 2013 arbeiten wir als unabh\u00e4ngiger Versicherungsmakler und Finanzierungsvermittler in Worms.\u00a0 Es besteht keine Abh\u00e4ngigkeit von Versicherungsgesellschaften oder Banken. Wir suchen f\u00fcr Sie\u00a0 passende, auf Ihren Bedarf zugeschnittene\u2026 <a href=\"https:\/\/www.agentur-baur.de\/wordpress\/ueber-uns-2\/ueber-uns-2-2\/\">weiter &raquo;<\/a><\/p>\n","protected":false},"author":1,"featured_media":469,"parent":61,"menu_order":0,"comment_status":"closed","ping_status":"closed","template":"","meta":[],"_links":{"self":[{"href":"https:\/\/www.agentur-baur.de\/wordpress\/wp-json\/wp\/v2\/pages\/830"}],"collection":[{"href":"https:\/\/www.agentur-baur.de\/wordpress\/wp-json\/wp\/v2\/pages"}],"about":[{"href":"https:\/\/www.agentur-baur.de\/wordpress\/wp-json\/wp\/v2\/types\/page"}],"author":[{"embeddable":true,"href":"https:\/\/www.agentur-baur.de\/wordpress\/wp-json\/wp\/v2\/users\/1"}],"replies":[{"embeddable":true,"href":"https:\/\/www.agentur-baur.de\/wordpress\/wp-json\/wp\/v2\/comments?post=830"}],"version-history":[{"count":2,"href":"https:\/\/www.agentur-baur.de\/wordpress\/wp-json\/wp\/v2\/pages\/830\/revisions"}],"predecessor-version":[{"id":834,"href":"https:\/\/www.agentur-baur.de\/wordpress\/wp-json\/wp\/v2\/pages\/830\/revisions\/834"}],"up":[{"embeddable":true,"href":"https:\/\/www.agentur-baur.de\/wordpress\/wp-json\/wp\/v2\/pages\/61"}],"wp:featuredmedia":[{"embeddable":true,"href":"https:\/\/www.agentur-baur.de\/wordpress\/wp-json\/wp\/v2\/media\/469"}],"wp:attachment":[{"href":"https:\/\/www.agentur-baur.de\/wordpress\/wp-json\/wp\/v2\/media?parent=830"}],"curies":[{"name":"wp","href":"https:\/\/api.w.org\/{rel}","templated":true}]}}