{"id":45,"date":"2015-05-07T10:54:24","date_gmt":"2015-05-07T08:54:24","guid":{"rendered":"http:\/\/www.agentur-baur.de\/wordpress\/?page_id=45"},"modified":"2015-06-17T12:10:28","modified_gmt":"2015-06-17T10:10:28","slug":"handel-und-handwerk","status":"publish","type":"page","link":"https:\/\/www.agentur-baur.de\/wordpress\/handel-und-handwerk\/","title":{"rendered":"Handel und Handwerk"},"content":{"rendered":"<h1 style=\"text-align: left;\">Handwerker werden f\u00fcr eine gute Arbeit und ein gutes Ergebnis gelobt und empfohlen<\/h1>\n<h2 style=\"text-align: left;\">Trotz aller Vorsicht kann es jedoch zu Sch\u00e4den und Unzufriedenheit der Kunden kommen<\/h2>\n<p style=\"text-align: justify;\">Und jeder kennt die Reaktion seiner Kunden, wenn etwas nicht ganz nach Plan funktioniert. Gew\u00e4hrleistungsb\u00fcrgschaften, Betriebshaftpflichtversicherung und Rechtsschutz geh\u00f6ren somit zum Grundbedarf eines jeden Handwerkers.<\/p>\n<p style=\"text-align: justify;\">Bei Preis und Leistung gibt es \u2013 wie beim Einholen von Kostenvoranschl\u00e4gen \u2013 massive Unterschiede am Versicherungsmarkt. Je nach Arbeitsgebiet m\u00fcssen beispielsweise der Einschluss von Fremdarbeiten, die T\u00e4tigkeit von Subunternehmen oder der Transport von fremden G\u00fctern etc. vereinbart werden. Eine exakte Beschreibung der T\u00e4tigkeiten und des Umfeldes, sowie eine genaue Ermittlung der Versicherungssumme sind unerl\u00e4sslich. Auch eine regelm\u00e4\u00dfige \u00dcberpr\u00fcfung der Pr\u00e4mien und Leistungen lohnt sich immer. Gerne helfen wir Ihnen dabei.<\/p>\n<p style=\"text-align: justify;\">Die betriebswirtschaftliche B<img loading=\"lazy\" class=\"alignleft wp-image-280 size-thumbnail\" src=\"https:\/\/www.agentur-baur.de\/wordpress\/wp-content\/uploads\/2015\/05\/kopfmotiv_15-e1434472485507-300x150.jpg\" alt=\"kopfmotiv_1\" width=\"300\" height=\"150\" srcset=\"https:\/\/www.agentur-baur.de\/wordpress\/wp-content\/uploads\/2015\/05\/kopfmotiv_15-e1434472485507-300x150.jpg 300w, https:\/\/www.agentur-baur.de\/wordpress\/wp-content\/uploads\/2015\/05\/kopfmotiv_15-e1434472485507.jpg 589w\" sizes=\"(max-width: 300px) 100vw, 300px\" \/>eratung durch unsere Agentur erfolgt in der Regel in Zusammenarbeit mit Ihrem Steuerberater, um Ihnen Zeit\u00a0und Geld zu sparen. Au\u00dferdem bieten wir Ihnen L\u00f6sungen zur Reduzierung Ihres Forderungsbestandes oder zur Optimierung der Lohnkosten und informieren Sie gerne \u00fcber Ihre M\u00f6glichkeiten.<\/p>\n","protected":false},"excerpt":{"rendered":"<p>Handwerker werden f\u00fcr eine gute Arbeit und ein gutes Ergebnis gelobt und empfohlen Trotz aller Vorsicht kann es jedoch zu Sch\u00e4den und Unzufriedenheit der Kunden kommen Und jeder kennt die\u2026 <a href=\"https:\/\/www.agentur-baur.de\/wordpress\/handel-und-handwerk\/\">weiter &raquo;<\/a><\/p>\n","protected":false},"author":1,"featured_media":268,"parent":0,"menu_order":0,"comment_status":"closed","ping_status":"closed","template":"","meta":[],"_links":{"self":[{"href":"https:\/\/www.agentur-baur.de\/wordpress\/wp-json\/wp\/v2\/pages\/45"}],"collection":[{"href":"https:\/\/www.agentur-baur.de\/wordpress\/wp-json\/wp\/v2\/pages"}],"about":[{"href":"https:\/\/www.agentur-baur.de\/wordpress\/wp-json\/wp\/v2\/types\/page"}],"author":[{"embeddable":true,"href":"https:\/\/www.agentur-baur.de\/wordpress\/wp-json\/wp\/v2\/users\/1"}],"replies":[{"embeddable":true,"href":"https:\/\/www.agentur-baur.de\/wordpress\/wp-json\/wp\/v2\/comments?post=45"}],"version-history":[{"count":12,"href":"https:\/\/www.agentur-baur.de\/wordpress\/wp-json\/wp\/v2\/pages\/45\/revisions"}],"predecessor-version":[{"id":638,"href":"https:\/\/www.agentur-baur.de\/wordpress\/wp-json\/wp\/v2\/pages\/45\/revisions\/638"}],"wp:featuredmedia":[{"embeddable":true,"href":"https:\/\/www.agentur-baur.de\/wordpress\/wp-json\/wp\/v2\/media\/268"}],"wp:attachment":[{"href":"https:\/\/www.agentur-baur.de\/wordpress\/wp-json\/wp\/v2\/media?parent=45"}],"curies":[{"name":"wp","href":"https:\/\/api.w.org\/{rel}","templated":true}]}}