{"id":2,"date":"2015-05-01T15:20:28","date_gmt":"2015-05-01T13:20:28","guid":{"rendered":"http:\/\/www.agentur-baur.de\/wordpress\/?page_id=2"},"modified":"2016-05-04T16:55:39","modified_gmt":"2016-05-04T14:55:39","slug":"beispiel-seite","status":"publish","type":"page","link":"https:\/\/www.agentur-baur.de\/wordpress\/","title":{"rendered":"Home"},"content":{"rendered":"<h1 style=\"text-align: left;\">Agentur Baur \u2013 Ihr zuverl\u00e4ssiger, unabh\u00e4ngiger Partner f\u00fcr Versicherungen und Finanzen!<\/h1>\n<h2>Beratung vor Ort f\u00fcr\u00a0Privatpersonen, Selbst\u00e4ndige\u00a0und Unternehmen<\/h2>\n<p style=\"text-align: justify;\">Seit Mai 2013 sind wir als unabh\u00e4ngiger Versicherungsmakler und Finanzierungsvermittler in Worms t\u00e4tig.\u00a0 Hierbei besteht keine Abh\u00e4ngigkeit von Versicherungsgesellschaften oder Banken. Wir suchen f\u00fcr Sie\u00a0 passende, auf Ihren Bedarf zugeschnittene L\u00f6sungen.\u00a0 Ein sehr gutes Preis-Leistungsverh\u00e4ltnis und umfangreicher (Schaden-)Service sind die Grundlagen, doch Details entscheiden \u00fcber Pr\u00e4mien und Entsch\u00e4digungen.<\/p>\n<blockquote><p>Lassen Sie Ihre Vertr\u00e4ge pr\u00fcfen &#8211;<br \/>\nein Vergleich lohnt sich!<\/p><\/blockquote>\n<p style=\"text-align: justify;\">Die Agentur Baur setzt auf eine langfristige Kundenbindung und hohe Kundenzufriedenheit.\u00a0 Wir besprechen gemeinsam mit unseren Kunden deren aktuelle Lebenssituation in ihrem privaten, famili\u00e4ren und beruflichen Umfeld.\u00a0 W\u00fcnsche und Ziele werden formuliert, und darauf aufbauend der Bedarf an individueller Absicherung abgeleitet, um dauerhafte finanzielle Sicherheit zu gew\u00e4hrleisten.<\/p>\n<p style=\"text-align: justify;\">Durch unsere Partner leisten wir \u00fcbergreifend Rat in rechtlichen und steuerlichen Belangen.\u00a0 Wir bieten weiterhin Services und Empfehlungen, wie sich unsre Kunden den Alltag erleichtern k\u00f6nnen. Wir streben den Aufbau eines umfassenden Netzwerkes an kompetenten und ehrlichen Unternehmern an, um Ihnen den gr\u00f6\u00dftm\u00f6glichen Nutzen und Vorteile zu bieten.<\/p>\n<p style=\"text-align: justify;\">\n","protected":false},"excerpt":{"rendered":"<p>Agentur Baur \u2013 Ihr zuverl\u00e4ssiger, unabh\u00e4ngiger Partner f\u00fcr Versicherungen und Finanzen! Beratung vor Ort f\u00fcr\u00a0Privatpersonen, Selbst\u00e4ndige\u00a0und Unternehmen Seit Mai 2013 sind wir als unabh\u00e4ngiger Versicherungsmakler und Finanzierungsvermittler in Worms t\u00e4tig.\u00a0\u2026 <a href=\"https:\/\/www.agentur-baur.de\/wordpress\/\">weiter &raquo;<\/a><\/p>\n","protected":false},"author":1,"featured_media":0,"parent":0,"menu_order":1,"comment_status":"closed","ping_status":"closed","template":"","meta":[],"_links":{"self":[{"href":"https:\/\/www.agentur-baur.de\/wordpress\/wp-json\/wp\/v2\/pages\/2"}],"collection":[{"href":"https:\/\/www.agentur-baur.de\/wordpress\/wp-json\/wp\/v2\/pages"}],"about":[{"href":"https:\/\/www.agentur-baur.de\/wordpress\/wp-json\/wp\/v2\/types\/page"}],"author":[{"embeddable":true,"href":"https:\/\/www.agentur-baur.de\/wordpress\/wp-json\/wp\/v2\/users\/1"}],"replies":[{"embeddable":true,"href":"https:\/\/www.agentur-baur.de\/wordpress\/wp-json\/wp\/v2\/comments?post=2"}],"version-history":[{"count":34,"href":"https:\/\/www.agentur-baur.de\/wordpress\/wp-json\/wp\/v2\/pages\/2\/revisions"}],"predecessor-version":[{"id":854,"href":"https:\/\/www.agentur-baur.de\/wordpress\/wp-json\/wp\/v2\/pages\/2\/revisions\/854"}],"wp:attachment":[{"href":"https:\/\/www.agentur-baur.de\/wordpress\/wp-json\/wp\/v2\/media?parent=2"}],"curies":[{"name":"wp","href":"https:\/\/api.w.org\/{rel}","templated":true}]}}