{"id":135,"date":"2015-05-08T02:14:31","date_gmt":"2015-05-08T00:14:31","guid":{"rendered":"http:\/\/www.agentur-baur.de\/wordpress\/?page_id=135"},"modified":"2016-02-15T13:17:46","modified_gmt":"2016-02-15T12:17:46","slug":"bauherren","status":"publish","type":"page","link":"https:\/\/www.agentur-baur.de\/wordpress\/bauherren\/","title":{"rendered":"Bauherren \/ K\u00e4ufer"},"content":{"rendered":"<h1 style=\"text-align: left;\">Der Traum vom Eigenheim \u2013 wer sich diesen erf\u00fcllt, plant im Alter mietfrei zu leben<\/h1>\n<h2>Doch Eigentum verpflichtet!<\/h2>\n<p style=\"text-align: justify;\">Neben regelm\u00e4\u00dfig f\u00e4lligen Renovierungsma\u00dfnahmen k\u00f6nnen auch unvorhergesehene Kosten anfallen. Bei einem Wohnungsbrand durch Kurzschluss oder brennende Kerzen, Leitungswassersch\u00e4den\u00a0durch Rohrbr\u00fcche oder dem Einbruch in die Wohnung w\u00e4hrend des Urlaubs k\u00f6nnen gro\u00dfe finanzielle Sch\u00e4den entstehen.<\/p>\n<p style=\"text-align: justify;\">Um gerade diese hohen Kosten zu vermeiden, ist es ratsam, sowohl das Geb\u00e4ude an sich als auch die Einrichtung und pers\u00f6nlichen Gegenst\u00e4nde durch eine Hausrat-, Glas- und Wohngeb\u00e4udeversicherung abzusichern.<br \/>\nIn den letzten Jahren richteten auch verst\u00e4rkt Starkregen und \u00dcberschwemmungen vielerorts hohe Sch\u00e4den an. Wer die M\u00f6glichkeit besitzt, kann sich durch eine Elementarschadendeckung Sicherheit verschaffen.<\/p>\n<p style=\"text-align: justify;\">Weitere Gefahren, die von<img loading=\"lazy\" class=\"   alignleft wp-image-515\" src=\"https:\/\/www.agentur-baur.de\/wordpress\/wp-content\/uploads\/2015\/05\/Baur_03-1171-e1434469187913-300x200.jpg\" alt=\"\" width=\"300\" height=\"200\" srcset=\"https:\/\/www.agentur-baur.de\/wordpress\/wp-content\/uploads\/2015\/05\/Baur_03-1171-e1434469187913-300x200.jpg 300w, https:\/\/www.agentur-baur.de\/wordpress\/wp-content\/uploads\/2015\/05\/Baur_03-1171-e1434469187913-225x150.jpg 225w, https:\/\/www.agentur-baur.de\/wordpress\/wp-content\/uploads\/2015\/05\/Baur_03-1171-e1434469187913-1024x683.jpg 1024w, https:\/\/www.agentur-baur.de\/wordpress\/wp-content\/uploads\/2015\/05\/Baur_03-1171-e1434469187913.jpg 1920w\" sizes=\"(max-width: 300px) 100vw, 300px\" \/> Ihrem Haus oder Ihren Pflichten als Eigent\u00fcmer ausgehen, wie bspw. herabfallende Ziegel oder die R\u00e4umpflicht der Gehwege im Winter, k\u00f6nnen \u00fcber Ihre Privathaftpflichtversicherung gedeckt werden. Eine zus\u00e4tzliche Absicherung ist meist nicht notwendig.<br \/>\nEmpfehlenswert ist ebenfalls der Abschluss einer Risiko-Lebensversicherung und einer Berufsunf\u00e4higkeitsabsicherung, damit auch im Ernstfall der Traum vom Eigenheim nicht platzt.<\/p>\n<h2 style=\"text-align: left;\">Die K\u00f6nigsdisziplin stellt nat\u00fcrlich das Erbauen der eigenen vier W\u00e4nde dar<\/h2>\n<p style=\"text-align: justify;\">Die individuelle Gestaltung und der Stolz am Ende, sein Haus \u201eselbst errichtet\u201c zu haben bergen jedoch einige Risiken. So tragen Sie selbst als Bauherr bzw. Ihr Architekt als Bauleiter die Verantwortung daf\u00fcr, die Baustelle ausreichend zu sichern. Auch w\u00e4hrend der Bauphase kann es zu Sch\u00e4den am Objekt oder dem Material, sowie zu Personensch\u00e4den kommen. Damit sind Bauherren-Haftpflicht-, Bauleistungs- und Rohbauversicherung ein Muss.<\/p>\n<p style=\"text-align: justify;\">In diesem Zusammenhang bietet es sich an, bereits im Vorfeld Informationen \u00fcber Wohngeb\u00e4ude- und Privathaftpflichtversicherung einzuholen. Viele gute Anbieter schlie\u00dfen die Bauphase mit den jeweiligen Risiken zum Teil beitragsfrei mit ein. So sparen Sie Geld und gew\u00e4hrleisten einen idealen, l\u00fcckenlosen \u00dcbergang von der Grundsteinlegung bis zur Abnahme des Hauses!<\/p>\n<p style=\"text-align: justify;\">\n","protected":false},"excerpt":{"rendered":"<p>Der Traum vom Eigenheim \u2013 wer sich diesen erf\u00fcllt, plant im Alter mietfrei zu leben Doch Eigentum verpflichtet! Neben regelm\u00e4\u00dfig f\u00e4lligen Renovierungsma\u00dfnahmen k\u00f6nnen auch unvorhergesehene Kosten anfallen. Bei einem Wohnungsbrand\u2026 <a href=\"https:\/\/www.agentur-baur.de\/wordpress\/bauherren\/\">weiter &raquo;<\/a><\/p>\n","protected":false},"author":1,"featured_media":274,"parent":0,"menu_order":0,"comment_status":"closed","ping_status":"closed","template":"","meta":[],"_links":{"self":[{"href":"https:\/\/www.agentur-baur.de\/wordpress\/wp-json\/wp\/v2\/pages\/135"}],"collection":[{"href":"https:\/\/www.agentur-baur.de\/wordpress\/wp-json\/wp\/v2\/pages"}],"about":[{"href":"https:\/\/www.agentur-baur.de\/wordpress\/wp-json\/wp\/v2\/types\/page"}],"author":[{"embeddable":true,"href":"https:\/\/www.agentur-baur.de\/wordpress\/wp-json\/wp\/v2\/users\/1"}],"replies":[{"embeddable":true,"href":"https:\/\/www.agentur-baur.de\/wordpress\/wp-json\/wp\/v2\/comments?post=135"}],"version-history":[{"count":29,"href":"https:\/\/www.agentur-baur.de\/wordpress\/wp-json\/wp\/v2\/pages\/135\/revisions"}],"predecessor-version":[{"id":634,"href":"https:\/\/www.agentur-baur.de\/wordpress\/wp-json\/wp\/v2\/pages\/135\/revisions\/634"}],"wp:featuredmedia":[{"embeddable":true,"href":"https:\/\/www.agentur-baur.de\/wordpress\/wp-json\/wp\/v2\/media\/274"}],"wp:attachment":[{"href":"https:\/\/www.agentur-baur.de\/wordpress\/wp-json\/wp\/v2\/media?parent=135"}],"curies":[{"name":"wp","href":"https:\/\/api.w.org\/{rel}","templated":true}]}}