{"id":131,"date":"2015-05-08T02:14:01","date_gmt":"2015-05-08T00:14:01","guid":{"rendered":"http:\/\/www.agentur-baur.de\/wordpress\/?page_id=131"},"modified":"2015-06-16T20:17:42","modified_gmt":"2015-06-16T18:17:42","slug":"mieter","status":"publish","type":"page","link":"https:\/\/www.agentur-baur.de\/wordpress\/mieter\/","title":{"rendered":"Mieter"},"content":{"rendered":"<h1>Als Mieter einer Eigentumswohnung oder eines Einfamilienhauses befinden wir uns in fremdem Eigentum<\/h1>\n<p style=\"text-align: justify;\">Typischerweise k\u00f6nnen beim Ein- oder Auszug verschiedene Sch\u00e4den an W\u00e4nden, M\u00f6beln oder technischen Ger\u00e4ten entstehen. Um nicht auf Teile der Kaution verzichten zu m\u00fcssen, oder Streitigkeiten mit den Umzugshelfern zu riskieren, empfehlen wir im Rahmen der Privathaftpflichtversicherung diese Klauseln mit einzuschlie\u00dfen.<\/p>\n<p style=\"text-align: justify;\">Ein Mieter-Rechtsschutz hilft bei Problemen mit Ihrem Vermieter; gern gesehene Streitpunkte sind bspw. die Nebenkostenabrechnung, die genannten Mietsachsch\u00e4den und vorhandene Mietm\u00e4ngel. Ohne finanzielle Absicherung habe Sie in einem Rechtsstreit geringe Chancen auf Erfolg.<\/p>\n<p style=\"text-align: justify;\">Auch w\u00e4hrend der Mietzeit lauern Gefahren. Bei einen Wohnungsbrand durch Kurzschluss oder brennende Kerzen, Leitungswassersch\u00e4den durch Rohrbr\u00fcche oder dem Einbruch in die Wohnung w\u00e4hrend des Urlaubs k\u00f6nnen gro\u00dfe Sch\u00e4den entstehen. Die Hausratversicherung sch\u00fctzt in diesen F\u00e4llen Ihr Bankkonto, damit Sie die Ersatzanschaffungen nicht aus eigener Tasche bezahlen m\u00fcssen.<\/p>\n<p style=\"text-align: justify;\">Optional sollten Sie kl\u00e4ren, ob der Vermieter den Glasbruch bereits versichert hat.<\/p>\n","protected":false},"excerpt":{"rendered":"<p>Als Mieter einer Eigentumswohnung oder eines Einfamilienhauses befinden wir uns in fremdem Eigentum Typischerweise k\u00f6nnen beim Ein- oder Auszug verschiedene Sch\u00e4den an W\u00e4nden, M\u00f6beln oder technischen Ger\u00e4ten entstehen. Um nicht\u2026 <a href=\"https:\/\/www.agentur-baur.de\/wordpress\/mieter\/\">weiter &raquo;<\/a><\/p>\n","protected":false},"author":1,"featured_media":474,"parent":0,"menu_order":0,"comment_status":"closed","ping_status":"closed","template":"","meta":[],"_links":{"self":[{"href":"https:\/\/www.agentur-baur.de\/wordpress\/wp-json\/wp\/v2\/pages\/131"}],"collection":[{"href":"https:\/\/www.agentur-baur.de\/wordpress\/wp-json\/wp\/v2\/pages"}],"about":[{"href":"https:\/\/www.agentur-baur.de\/wordpress\/wp-json\/wp\/v2\/types\/page"}],"author":[{"embeddable":true,"href":"https:\/\/www.agentur-baur.de\/wordpress\/wp-json\/wp\/v2\/users\/1"}],"replies":[{"embeddable":true,"href":"https:\/\/www.agentur-baur.de\/wordpress\/wp-json\/wp\/v2\/comments?post=131"}],"version-history":[{"count":6,"href":"https:\/\/www.agentur-baur.de\/wordpress\/wp-json\/wp\/v2\/pages\/131\/revisions"}],"predecessor-version":[{"id":570,"href":"https:\/\/www.agentur-baur.de\/wordpress\/wp-json\/wp\/v2\/pages\/131\/revisions\/570"}],"wp:featuredmedia":[{"embeddable":true,"href":"https:\/\/www.agentur-baur.de\/wordpress\/wp-json\/wp\/v2\/media\/474"}],"wp:attachment":[{"href":"https:\/\/www.agentur-baur.de\/wordpress\/wp-json\/wp\/v2\/media?parent=131"}],"curies":[{"name":"wp","href":"https:\/\/api.w.org\/{rel}","templated":true}]}}